{"id":2,"date":"2022-01-08T15:02:31","date_gmt":"2022-01-08T15:02:31","guid":{"rendered":"https:\/\/www.elazigelitozelegitim.com\/?page_id=2"},"modified":"2022-03-06T15:33:57","modified_gmt":"2022-03-06T12:33:57","slug":"bedensel-yetersizligi-olan-bireyler-destek-egitim-programi","status":"publish","type":"page","link":"https:\/\/www.elazigelitozelegitim.com\/index.php\/bedensel-yetersizligi-olan-bireyler-destek-egitim-programi\/","title":{"rendered":"Bedensel Yetersizli\u011fi Olan Bireyler Destek E\u011fitim Program\u0131"},"content":{"rendered":"\n<p>Do\u011fum \u00f6ncesi, do\u011fum s\u0131ras\u0131 veya do\u011fum sonras\u0131 d\u00f6nemde herhangi bir nedenle kas, iskelet ve sinir sistemindeki bozukluklar sonucu bedensel yeteneklerini kaybeden, g\u00fcnl\u00fck ya\u015famda gereksinimlerini kar\u015f\u0131lamakta g\u00fc\u00e7l\u00fck \u00e7eken, toplumsal ya\u015fama uyum sa\u011flamada zorlanan, bak\u0131m,\u00a0<strong>rehabilitasyon<\/strong>, dan\u0131\u015fmanl\u0131k ve destek hizmetlerine ihtiya\u00e7 duyan ki\u015fi\u00a0<strong>\u201c<em>bedensel engelli birey\u201d\u00a0<\/em><\/strong>olarak adland\u0131r\u0131l\u0131r.<br><strong>Rehabilitasyon<\/strong>\u00a0\u00e7ok y\u00f6nl\u00fc bir tedavi program\u0131n\u0131 gerektirir.\u00a0<em>Fiziksel engelli<\/em>\u00a0bir \u00e7ocu\u011fa ya da yeti\u015fkine<strong>\u00a0fizyoterapi ve rehabilitasyon<\/strong>\u00a0program\u0131 gereklidir.\u00a0<em>Kurumumuzda\u00a0<\/em><strong>fizyoterapi ve rehabilitasyon<\/strong><em>\u00a0program\u0131 fizyoterapist taraf\u0131ndan y\u00fcr\u00fct\u00fclmektedir.<\/em><br><\/p>\n\n\n\n<blockquote class=\"wp-block-quote\"><p><strong><em>Rehabilitasyonun amac\u0131;<\/em><\/strong>\u00a0\u00e7ocu\u011fun mevcut potansiyelini artt\u0131rarak g\u00fcnl\u00fck ya\u015famda ve sosyal hayatta m\u00fcmk\u00fcn oldu\u011funca ba\u011f\u0131ms\u0131zl\u0131\u011f\u0131n\u0131 sa\u011flamakt\u0131r. \u0130yi bir\u00a0<strong>rehabilitasyon<\/strong>\u00a0program\u0131 i\u00e7in \u00e7ok iyi bir de\u011ferlendirme, tedavi program\u0131, takip, ev program\u0131 ve bazen de ortezleme gereklidir. Rehabilitasyon program\u0131na ba\u015flanabilen en erken d\u00f6nemde ba\u015flanmas\u0131 \u00f6nemlidir. \u00c7ocu\u011funuz 7 ayl\u0131k iken yuvarlanm\u0131yorsa, 10 ayl\u0131k iken kendi kendine oturam\u0131yorsa, 12 ayl\u0131k oldu\u011funda emeklemiyorsa, 14 ayl\u0131k oldu\u011funda kendi kendine ayakta durmuyorsa, 18 ayl\u0131k oldu\u011funda y\u00fcr\u00fcm\u00fcyorsa ve 30 ayl\u0131k oldu\u011funda kendi kendine merdivenlerden inip \u00e7\u0131kam\u0131yorsa mutlaka bir pediatrik n\u00f6rolo\u011fa ba\u015fvurulmal\u0131d\u0131r.<\/p><\/blockquote>\n\n\n\n<p><strong>Rehabilitasyon program\u0131na al\u0131nan baz\u0131 hastal\u0131k gruplar\u0131 \u015f\u00f6yledir:<\/strong><\/p>\n\n\n\n<ul><li>Serebralpalsi<\/li><li>Merkezi Sinir Sistemini Etkileyen Dejeneratif veya Metabolik Hastal\u0131klar(MS, Hidrosefali, Fenilketan\u00fcri, ALS, MG\u2026)<\/li><li>Mental Motor Gerilik<\/li><li>BrakialPleksus Yaralanmas\u0131(Do\u011fu\u015ftan kol felci)<\/li><li>SpinaBifida<\/li><li>Travma Nedenli Merkezi Sinir Sistem Yaralanmalar\u0131(Omurilik felci)<\/li><li>S\u00fcregelen Hastal\u0131klardan Kaynaklanan Motor Geli\u015fim Gerili\u011fi(Epilepsi, Otizm, Rett Sendromu)<\/li><li>Genetik K\u00f6kenli Hastal\u0131klar(Down Sendromu)<\/li><li>Kas Hastal\u0131\u011f\u0131 Olan Bireyler(DMD, SMA\u2026)<\/li><li>Ortopedik Hastal\u0131klar(Pes Ekinovarus, Do\u011fu\u015ftan Kal\u00e7a \u00c7\u0131k\u0131\u011f\u0131, OsteogenezisImperfekta\u2026)<\/li><li>Skolyoz<\/li><li>Do\u011fu\u015ftan ya da Sonradan Uzuv Eksikli\u011fi(Ampute Hastalar)<\/li><\/ul>\n\n\n\n<p><\/p>\n","protected":false},"excerpt":{"rendered":"<p>Do\u011fum \u00f6ncesi, do\u011fum s\u0131ras\u0131 veya do\u011fum sonras\u0131 d\u00f6nemde herhangi bir nedenle kas, iskelet ve sinir sistemindeki bozukluklar sonucu bedensel yeteneklerini kaybeden, g\u00fcnl\u00fck ya\u015famda gereksinimlerini kar\u015f\u0131lamakta g\u00fc\u00e7l\u00fck \u00e7eken, toplumsal ya\u015fama uyum [&hellip;]<\/p>\n","protected":false},"author":1,"featured_media":0,"parent":0,"menu_order":0,"comment_status":"closed","ping_status":"open","template":"","meta":{"inline_featured_image":false},"_links":{"self":[{"href":"https:\/\/www.elazigelitozelegitim.com\/index.php\/wp-json\/wp\/v2\/pages\/2"}],"collection":[{"href":"https:\/\/www.elazigelitozelegitim.com\/index.php\/wp-json\/wp\/v2\/pages"}],"about":[{"href":"https:\/\/www.elazigelitozelegitim.com\/index.php\/wp-json\/wp\/v2\/types\/page"}],"author":[{"embeddable":true,"href":"https:\/\/www.elazigelitozelegitim.com\/index.php\/wp-json\/wp\/v2\/users\/1"}],"replies":[{"embeddable":true,"href":"https:\/\/www.elazigelitozelegitim.com\/index.php\/wp-json\/wp\/v2\/comments?post=2"}],"version-history":[{"count":0,"href":"https:\/\/www.elazigelitozelegitim.com\/index.php\/wp-json\/wp\/v2\/pages\/2\/revisions"}],"wp:attachment":[{"href":"https:\/\/www.elazigelitozelegitim.com\/index.php\/wp-json\/wp\/v2\/media?parent=2"}],"curies":[{"name":"wp","href":"https:\/\/api.w.org\/{rel}","templated":true}]}}